{"id":3478,"date":"2024-05-20T14:46:20","date_gmt":"2024-05-20T14:46:20","guid":{"rendered":"http:\/\/bodynicesupplement.com\/?post_type=product&#038;p=3478"},"modified":"2025-10-25T00:12:51","modified_gmt":"2025-10-25T00:12:51","slug":"magnesium-bisglycinate-complex","status":"publish","type":"product","link":"https:\/\/bodynicesupplement.com\/en\/produkt\/magnesium-bisglycinate-complex\/","title":{"rendered":"Magnesium Bisglycinate Complex"},"content":{"rendered":"<p>Mehr geht nicht: G\u00f6nne dir die beste und reinste Form von Magnesium! Optimierte Aufnahme, schnellere Verarbeitung im K\u00f6rper. Beim Magnesium Bisglycinat ist das Mineral direkt an die Aminos\u00e4ure Glycin gebunden, was eine h\u00f6here Bioverf\u00fcgbarkeit erm\u00f6glicht. Gleichzeitig sind die sogenannten \u201eChelate\u201c (Verbindungen) in den Magnesium Bisglycinat Kapseln stabil. Das bedeutet, dass sie nicht so leicht zerfallen, wie es bei anderen Magnesiumverbindungen der Fall ist. Das Super-Magnesium tr\u00e4gt zur Regulierung des Blutdrucks und einer normalen Muskel- und Nervenfunktion bei.<\/p>\n","protected":false},"excerpt":{"rendered":"<p>Mehr geht nicht: G\u00f6nne dir die beste und reinste Form von Magnesium! Optimierte Aufnahme, schnellere Verarbeitung im K\u00f6rper. Beim Magnesium Bisglycinat ist das Mineral direkt an die Aminos\u00e4ure Glycin gebunden, was eine h\u00f6here Bioverf\u00fcgbarkeit erm\u00f6glicht. Gleichzeitig sind die sogenannten \u201eChelate\u201c (Verbindungen) in den Magnesium Bisglycinat Kapseln stabil. Das bedeutet, dass sie nicht so leicht zerfallen, [&#8230;]\n","protected":false},"featured_media":3490,"comment_status":"open","ping_status":"closed","template":"","meta":[],"product_cat":[147],"product_tag":[],"class_list":["post-3478","product","type-product","status-publish","has-post-thumbnail","hentry","product_cat-vitamin"],"_links":{"self":[{"href":"https:\/\/bodynicesupplement.com\/en\/wp-json\/wp\/v2\/product\/3478","targetHints":{"allow":["GET"]}}],"collection":[{"href":"https:\/\/bodynicesupplement.com\/en\/wp-json\/wp\/v2\/product"}],"about":[{"href":"https:\/\/bodynicesupplement.com\/en\/wp-json\/wp\/v2\/types\/product"}],"replies":[{"embeddable":true,"href":"https:\/\/bodynicesupplement.com\/en\/wp-json\/wp\/v2\/comments?post=3478"}],"wp:featuredmedia":[{"embeddable":true,"href":"https:\/\/bodynicesupplement.com\/en\/wp-json\/wp\/v2\/media\/3490"}],"wp:attachment":[{"href":"https:\/\/bodynicesupplement.com\/en\/wp-json\/wp\/v2\/media?parent=3478"}],"wp:term":[{"taxonomy":"product_cat","embeddable":true,"href":"https:\/\/bodynicesupplement.com\/en\/wp-json\/wp\/v2\/product_cat?post=3478"},{"taxonomy":"product_tag","embeddable":true,"href":"https:\/\/bodynicesupplement.com\/en\/wp-json\/wp\/v2\/product_tag?post=3478"}],"curies":[{"name":"wp","href":"https:\/\/api.w.org\/{rel}","templated":true}]}}