{"id":3477,"date":"2024-05-20T14:44:30","date_gmt":"2024-05-20T14:44:30","guid":{"rendered":"http:\/\/bodynicesupplement.com\/?post_type=product&#038;p=3477"},"modified":"2025-10-19T05:48:49","modified_gmt":"2025-10-19T05:48:49","slug":"vitamin-b-complex","status":"publish","type":"product","link":"https:\/\/bodynicesupplement.com\/en\/produkt\/vitamin-b-complex\/","title":{"rendered":"Vitamin B Complex"},"content":{"rendered":"<p>Der menschliche K\u00f6rper kann die meisten Vitamine nicht selbst produzieren. Sie sind essenziell, das hei\u00dft, sie m\u00fcssen \u00fcber die Nahrung aufgenommen werden. Das Vitamin B nimmt hier eine Schl\u00fcsselposition ein, denn es beeinflusst fast alle Stoffwechselprozesse des K\u00f6rpers. Daher sollten Lebensmittel mit einem hohen Gehalt an B-Vitaminen t\u00e4glich im Speiseplan enthalten sein. Besonders gute Lieferanten sind unter anderem Obst, Gem\u00fcse, Fisch, Fleisch und Milchprodukte. F\u00fcr alle, die \u00fcber die Nahrung nicht genug B-Vitamine einnehmen, kann der BODY ATTACK Vitamin B-Complex eine Alternative sein.<\/p>\n","protected":false},"excerpt":{"rendered":"<p>Der menschliche K\u00f6rper kann die meisten Vitamine nicht selbst produzieren. Sie sind essenziell, das hei\u00dft, sie m\u00fcssen \u00fcber die Nahrung aufgenommen werden. Das Vitamin B nimmt hier eine Schl\u00fcsselposition ein, denn es beeinflusst fast alle Stoffwechselprozesse des K\u00f6rpers. Daher sollten Lebensmittel mit einem hohen Gehalt an B-Vitaminen t\u00e4glich im Speiseplan enthalten sein. Besonders gute Lieferanten [&#8230;]\n","protected":false},"featured_media":3487,"comment_status":"open","ping_status":"closed","template":"","meta":[],"product_cat":[147],"product_tag":[],"class_list":["post-3477","product","type-product","status-publish","has-post-thumbnail","hentry","product_cat-vitamin"],"_links":{"self":[{"href":"https:\/\/bodynicesupplement.com\/en\/wp-json\/wp\/v2\/product\/3477","targetHints":{"allow":["GET"]}}],"collection":[{"href":"https:\/\/bodynicesupplement.com\/en\/wp-json\/wp\/v2\/product"}],"about":[{"href":"https:\/\/bodynicesupplement.com\/en\/wp-json\/wp\/v2\/types\/product"}],"replies":[{"embeddable":true,"href":"https:\/\/bodynicesupplement.com\/en\/wp-json\/wp\/v2\/comments?post=3477"}],"wp:featuredmedia":[{"embeddable":true,"href":"https:\/\/bodynicesupplement.com\/en\/wp-json\/wp\/v2\/media\/3487"}],"wp:attachment":[{"href":"https:\/\/bodynicesupplement.com\/en\/wp-json\/wp\/v2\/media?parent=3477"}],"wp:term":[{"taxonomy":"product_cat","embeddable":true,"href":"https:\/\/bodynicesupplement.com\/en\/wp-json\/wp\/v2\/product_cat?post=3477"},{"taxonomy":"product_tag","embeddable":true,"href":"https:\/\/bodynicesupplement.com\/en\/wp-json\/wp\/v2\/product_tag?post=3477"}],"curies":[{"name":"wp","href":"https:\/\/api.w.org\/{rel}","templated":true}]}}