{"id":3410,"date":"2023-12-17T12:17:59","date_gmt":"2023-12-17T12:17:59","guid":{"rendered":"http:\/\/bodynicesupplement.com\/?post_type=product&#038;p=3410"},"modified":"2023-12-18T05:44:52","modified_gmt":"2023-12-18T05:44:52","slug":"lipo-6-black-international-120-capsules","status":"publish","type":"product","link":"https:\/\/bodynicesupplement.com\/en\/produkt\/lipo-6-black-international-120-capsules\/","title":{"rendered":"LIPO-6 Black International 120 capsules"},"content":{"rendered":"<p><img loading=\"lazy\" decoding=\"async\" class=\"size-medium wp-image-3418 alignright\" src=\"http:\/\/bodynicesupplement.com\/wp-content\/uploads\/2023\/12\/Untitled-1-450x400.jpg\" alt=\"\" width=\"450\" height=\"400\" srcset=\"https:\/\/bodynicesupplement.com\/wp-content\/uploads\/2023\/12\/Untitled-1-450x400.jpg 450w, https:\/\/bodynicesupplement.com\/wp-content\/uploads\/2023\/12\/Untitled-1-899x800.jpg 899w, https:\/\/bodynicesupplement.com\/wp-content\/uploads\/2023\/12\/Untitled-1-768x683.jpg 768w, https:\/\/bodynicesupplement.com\/wp-content\/uploads\/2023\/12\/Untitled-1-510x454.jpg 510w, https:\/\/bodynicesupplement.com\/wp-content\/uploads\/2023\/12\/Untitled-1.jpg 1080w\" sizes=\"auto, (max-width: 450px) 100vw, 450px\" \/><\/p>\n<p>Nutrex LIPO-6 Black International &#8211; beliebter Fatburner<\/p>\n<p>Nutrex LIPO-6 Black International ist eine Formel, die aus nat\u00fcrlichen Inhaltsstoffen (Gr\u00fcntee-Extrakt, Kakao, Ingwer, Brennnessel, schwarzer Pfeffer), Aminos\u00e4uren N-Acetyl-L-Tyrosin und Koffein besteht. In Verbindung mit der richtigen Ern\u00e4hrung und dem richtigen Training kann es helfen, den K\u00f6rper zu formen. In den letzten Jahren sind viele Fettverbrenner, die als revolution\u00e4r angepriesen wurden, vom Markt verschwunden. Nutrex hat beschlossen, das Niveau auf eine ganz neue Stufe zu heben. LIPO-6 Black ist das st\u00e4rkste Produkt, das Nutrex je entwickelt hat.<\/p>\n<h2>Vorteile<\/h2>\n<ul>\n<li>bis zu 200 mg Koffein pro Portion<\/li>\n<li>N-Acetyl-L-Tyrosin hinzugef\u00fcgt<\/li>\n<li>Extrakte aus gr\u00fcnem Tee, Kakao<\/li>\n<li>Verzehrempfehlung<\/li>\n<li>Morgens 3 Kapseln und nachmittags 3 Kapseln, mindestens 6 Stunden vor dem Schlafengehen und immer 1 Stunde vor den Mahlzeiten einnehmen.<\/li>\n<\/ul>\n","protected":false},"excerpt":{"rendered":"<p>Nutrex LIPO-6 Black International &#8211; beliebter Fatburner Nutrex LIPO-6 Black International ist eine Formel, die aus nat\u00fcrlichen Inhaltsstoffen (Gr\u00fcntee-Extrakt, Kakao, Ingwer, Brennnessel, schwarzer Pfeffer), Aminos\u00e4uren N-Acetyl-L-Tyrosin und Koffein besteht. In Verbindung mit der richtigen Ern\u00e4hrung und dem richtigen Training kann es helfen, den K\u00f6rper zu formen. In den letzten Jahren sind viele Fettverbrenner, die als [&#8230;]\n","protected":false},"featured_media":3415,"comment_status":"open","ping_status":"closed","template":"","meta":[],"product_cat":[146],"product_tag":[],"class_list":["post-3410","product","type-product","status-publish","has-post-thumbnail","hentry","product_cat-fettverbrenner"],"_links":{"self":[{"href":"https:\/\/bodynicesupplement.com\/en\/wp-json\/wp\/v2\/product\/3410","targetHints":{"allow":["GET"]}}],"collection":[{"href":"https:\/\/bodynicesupplement.com\/en\/wp-json\/wp\/v2\/product"}],"about":[{"href":"https:\/\/bodynicesupplement.com\/en\/wp-json\/wp\/v2\/types\/product"}],"replies":[{"embeddable":true,"href":"https:\/\/bodynicesupplement.com\/en\/wp-json\/wp\/v2\/comments?post=3410"}],"wp:featuredmedia":[{"embeddable":true,"href":"https:\/\/bodynicesupplement.com\/en\/wp-json\/wp\/v2\/media\/3415"}],"wp:attachment":[{"href":"https:\/\/bodynicesupplement.com\/en\/wp-json\/wp\/v2\/media?parent=3410"}],"wp:term":[{"taxonomy":"product_cat","embeddable":true,"href":"https:\/\/bodynicesupplement.com\/en\/wp-json\/wp\/v2\/product_cat?post=3410"},{"taxonomy":"product_tag","embeddable":true,"href":"https:\/\/bodynicesupplement.com\/en\/wp-json\/wp\/v2\/product_tag?post=3410"}],"curies":[{"name":"wp","href":"https:\/\/api.w.org\/{rel}","templated":true}]}}